{"id":611,"date":"2019-10-03T16:48:16","date_gmt":"2019-10-03T14:48:16","guid":{"rendered":"http:\/\/olivaud.com\/vo\/?page_id=611"},"modified":"2025-04-23T16:03:43","modified_gmt":"2025-04-23T14:03:43","slug":"references","status":"publish","type":"page","link":"https:\/\/olivaud.com\/vo\/references\/","title":{"rendered":"References"},"content":{"rendered":"\t\t<div data-elementor-type=\"wp-post\" data-elementor-id=\"611\" class=\"elementor elementor-611\">\n\t\t\t\t\t\t<section class=\"elementor-section elementor-top-section elementor-element elementor-element-251c485 elementor-section-boxed elementor-section-height-default elementor-section-height-default\" data-id=\"251c485\" data-element_type=\"section\" data-e-type=\"section\">\n\t\t\t\t\t\t<div class=\"elementor-container elementor-column-gap-default\">\n\t\t\t\t\t<div class=\"aux-parallax-section elementor-column elementor-col-100 elementor-top-column elementor-element elementor-element-14e3d43\" data-id=\"14e3d43\" data-element_type=\"column\" data-e-type=\"column\">\n\t\t\t<div class=\"elementor-widget-wrap elementor-element-populated\">\n\t\t\t\t\t\t<div class=\"elementor-element elementor-element-c647787 elementor-widget elementor-widget-aux_image\" data-id=\"c647787\" data-element_type=\"widget\" data-e-type=\"widget\" data-widget_type=\"aux_image.default\">\n\t\t\t\t<div class=\"elementor-widget-container\">\n\t\t\t\t\t<section class=\"widget-container aux-widget-image aux-alignnone aux-parent-auf049d200\">\n    <div class=\"aux-media-hint-frame \">\n        <div class=\"aux-media-image \" >\n        \n            \n\n            \n            <img fetchpriority=\"high\" decoding=\"async\" width=\"2048\" height=\"2048\" src=\"https:\/\/olivaud.com\/vo\/wp-content\/uploads\/2025\/04\/references2025-1807x2048.png\" class=\"aux-attachment aux-featured-image aux-attachment-id-1121\" alt=\"References 2025\" srcset=\"https:\/\/olivaud.com\/vo\/wp-content\/uploads\/2025\/04\/references2025-150x150.png 150w,https:\/\/olivaud.com\/vo\/wp-content\/uploads\/2025\/04\/references2025-300x300.png 300w,https:\/\/olivaud.com\/vo\/wp-content\/uploads\/2025\/04\/references2025-768x768.png 768w,https:\/\/olivaud.com\/vo\/wp-content\/uploads\/2025\/04\/references2025.png 2000w,https:\/\/olivaud.com\/vo\/wp-content\/uploads\/2025\/04\/references2025-1807x2048.png 2048w\" data-ratio=\"1\" data-original-w=\"2048\" sizes=\"(max-width:479px) 480px,(max-width:767px) 768px,(max-width:1023px) 1024px,2048px\" \/>            \n                <\/div>\n    <\/div>\n\n<\/section><!-- widget-container -->\t\t\t\t<\/div>\n\t\t\t\t<\/div>\n\t\t\t\t\t<\/div>\n\t\t<\/div>\n\t\t\t\t\t<\/div>\n\t\t<\/section>\n\t\t\t\t<section class=\"elementor-section elementor-top-section elementor-element elementor-element-627bcd6 elementor-section-boxed elementor-section-height-default elementor-section-height-default\" data-id=\"627bcd6\" data-element_type=\"section\" data-e-type=\"section\">\n\t\t\t\t\t\t<div class=\"elementor-container elementor-column-gap-default\">\n\t\t\t\t\t<div class=\"aux-parallax-section elementor-column elementor-col-100 elementor-top-column elementor-element elementor-element-9e8dfdf\" data-id=\"9e8dfdf\" data-element_type=\"column\" data-e-type=\"column\">\n\t\t\t<div class=\"elementor-widget-wrap elementor-element-populated\">\n\t\t\t\t\t\t<div class=\"elementor-element elementor-element-f8210b6 elementor-widget elementor-widget-text-editor\" data-id=\"f8210b6\" data-element_type=\"widget\" data-e-type=\"widget\" data-widget_type=\"text-editor.default\">\n\t\t\t\t<div class=\"elementor-widget-container\">\n\t\t\t\t\t\t\t\t\t<p>PHOTOGRAPHE OFFICIEL :<\/p><p>Arkea Ultim Challenge Brest &#8211; Mini Transat &#8211; Transat CIC &#8211; \u0141a Route du Rhum Destination Guadeloupe &#8211; Transat Paprec &#8211; Ocean Fifty Series &#8211; La Solitaire du Figaro Paprec &#8211; Pro Sailing Tour &#8211; Les Sables Horta Class40 &#8211; La 1000 Milles &#8211; Puru Transgascogne &#8211; Solo Maitre Coq &#8211; Les Sables Les Acores Les Sables<\/p><p>CLIENTS :<\/p><p>Boll\u00e9 Eyewear &#8211; Sea.AI &#8211; Slam &#8211; RM Yacht &#8211; Jonas Gerkens Sailing &#8211; Mini Transat &#8211; Route du Rhum \/ Destination Guadeloupe &#8211; Les Sables Horta Class40 &#8211; Koesio &#8211; Walt &#8211; Groupe SNEF &#8211; Arkema &#8211; Ocean Fifty &#8211; Captain&rsquo;Alternance &#8211; La Mie C\u00e2line &#8211; Vend\u00e9e Globe &#8211; 1000 Milles &#8211; ProMarine &#8211; Artip\u00f4le &#8211; April Marine &#8211; Solo Maitre Coq -Sojasun &#8211; ELP &#8211; Rians &#8211; Macif grand Ouest &#8211; Helly Hansen &#8211; SafeRail &#8211; K\u2022Line &#8211; Multi50 &#8211; R Sports &#8211; Team Bureau Vall\u00e9e &#8211; SMIDDEST &#8211; Nouvelle Aquitaine &#8211; Legallais &#8211; Arkea Ultim Challenge Brest<span class=\"Apple-converted-space\">\u00a0<\/span><\/p>\t\t\t\t\t\t\t\t<\/div>\n\t\t\t\t<\/div>\n\t\t\t\t\t<\/div>\n\t\t<\/div>\n\t\t\t\t\t<\/div>\n\t\t<\/section>\n\t\t\t\t<\/div>\n\t\t","protected":false},"excerpt":{"rendered":"<p>PHOTOGRAPHE OFFICIEL : Arkea Ultim Challenge Brest &#8211; Mini Transat &#8211; Transat CIC &#8211; \u0141a Route du Rhum Destination Guadeloupe &#8211; Transat Paprec &#8211; Ocean Fifty Series &#8211; La Solitaire du Figaro Paprec &#8211; Pro Sailing Tour &#8211; Les Sables Horta Class40 &#8211; La 1000 Milles &#8211; Puru Transgascogne &#8211; Solo Maitre Coq &#8211; Les [&hellip;]<\/p>\n","protected":false},"author":1,"featured_media":0,"parent":0,"menu_order":0,"comment_status":"closed","ping_status":"closed","template":"","meta":{"footnotes":""},"class_list":["post-611","page","type-page","status-publish","hentry"],"yoast_head":"<!-- This site is optimized with the Yoast SEO plugin v24.9 - https:\/\/yoast.com\/wordpress\/plugins\/seo\/ -->\n<title>References | VO - Version Originale<\/title>\n<meta name=\"description\" content=\"Vincent Olivaud - Production de contenu m\u00e9dia : photos et vid\u00e9os - Photographe Course au large et Nautisme\" \/>\n<meta name=\"robots\" content=\"index, follow, max-snippet:-1, max-image-preview:large, max-video-preview:-1\" \/>\n<link rel=\"canonical\" href=\"https:\/\/olivaud.com\/vo\/references\/\" \/>\n<meta property=\"og:locale\" content=\"fr_FR\" \/>\n<meta property=\"og:type\" content=\"article\" \/>\n<meta property=\"og:title\" content=\"References | VO - Version Originale\" \/>\n<meta property=\"og:description\" content=\"Vincent Olivaud - Production de contenu m\u00e9dia : photos et vid\u00e9os - Photographe Course au large et Nautisme\" \/>\n<meta property=\"og:url\" content=\"https:\/\/olivaud.com\/vo\/references\/\" \/>\n<meta property=\"og:site_name\" content=\"VO - Version Originale\" \/>\n<meta property=\"article:publisher\" content=\"https:\/\/www.facebook.com\/olivaud.vincent\" \/>\n<meta property=\"article:modified_time\" content=\"2025-04-23T14:03:43+00:00\" \/>\n<meta property=\"og:image\" content=\"https:\/\/olivaud.com\/vo\/wp-content\/uploads\/2025\/04\/references2025-1807x2048.png\" \/>\n<meta name=\"twitter:card\" content=\"summary_large_image\" \/>\n<meta name=\"twitter:label1\" content=\"Dur\u00e9e de lecture estim\u00e9e\" \/>\n\t<meta name=\"twitter:data1\" content=\"1 minute\" \/>\n<script type=\"application\/ld+json\" class=\"yoast-schema-graph\">{\"@context\":\"https:\/\/schema.org\",\"@graph\":[{\"@type\":\"WebPage\",\"@id\":\"https:\/\/olivaud.com\/vo\/references\/\",\"url\":\"https:\/\/olivaud.com\/vo\/references\/\",\"name\":\"References | VO - Version Originale\",\"isPartOf\":{\"@id\":\"https:\/\/olivaud.com\/vo\/#website\"},\"primaryImageOfPage\":{\"@id\":\"https:\/\/olivaud.com\/vo\/references\/#primaryimage\"},\"image\":{\"@id\":\"https:\/\/olivaud.com\/vo\/references\/#primaryimage\"},\"thumbnailUrl\":\"https:\/\/olivaud.com\/vo\/wp-content\/uploads\/2025\/04\/references2025-1807x2048.png\",\"datePublished\":\"2019-10-03T14:48:16+00:00\",\"dateModified\":\"2025-04-23T14:03:43+00:00\",\"description\":\"Vincent Olivaud - Production de contenu m\u00e9dia : photos et vid\u00e9os - Photographe Course au large et Nautisme\",\"breadcrumb\":{\"@id\":\"https:\/\/olivaud.com\/vo\/references\/#breadcrumb\"},\"inLanguage\":\"fr-FR\",\"potentialAction\":[{\"@type\":\"ReadAction\",\"target\":[\"https:\/\/olivaud.com\/vo\/references\/\"]}]},{\"@type\":\"ImageObject\",\"inLanguage\":\"fr-FR\",\"@id\":\"https:\/\/olivaud.com\/vo\/references\/#primaryimage\",\"url\":\"https:\/\/olivaud.com\/vo\/wp-content\/uploads\/2025\/04\/references2025.png\",\"contentUrl\":\"https:\/\/olivaud.com\/vo\/wp-content\/uploads\/2025\/04\/references2025.png\",\"width\":2048,\"height\":2321},{\"@type\":\"BreadcrumbList\",\"@id\":\"https:\/\/olivaud.com\/vo\/references\/#breadcrumb\",\"itemListElement\":[{\"@type\":\"ListItem\",\"position\":1,\"name\":\"Home\",\"item\":\"https:\/\/olivaud.com\/vo\/\"},{\"@type\":\"ListItem\",\"position\":2,\"name\":\"References\"}]},{\"@type\":\"WebSite\",\"@id\":\"https:\/\/olivaud.com\/vo\/#website\",\"url\":\"https:\/\/olivaud.com\/vo\/\",\"name\":\"VO - Version Originale\",\"description\":\"Photographe - Course au large\",\"publisher\":{\"@id\":\"https:\/\/olivaud.com\/vo\/#organization\"},\"alternateName\":\"Vincent Olivaud\",\"potentialAction\":[{\"@type\":\"SearchAction\",\"target\":{\"@type\":\"EntryPoint\",\"urlTemplate\":\"https:\/\/olivaud.com\/vo\/?s={search_term_string}\"},\"query-input\":{\"@type\":\"PropertyValueSpecification\",\"valueRequired\":true,\"valueName\":\"search_term_string\"}}],\"inLanguage\":\"fr-FR\"},{\"@type\":\"Organization\",\"@id\":\"https:\/\/olivaud.com\/vo\/#organization\",\"name\":\"Vincent Olivaud\",\"alternateName\":\"Version Originale\",\"url\":\"https:\/\/olivaud.com\/vo\/\",\"logo\":{\"@type\":\"ImageObject\",\"inLanguage\":\"fr-FR\",\"@id\":\"https:\/\/olivaud.com\/vo\/#\/schema\/logo\/image\/\",\"url\":\"https:\/\/olivaud.com\/vo\/wp-content\/uploads\/2019\/09\/V3.png\",\"contentUrl\":\"https:\/\/olivaud.com\/vo\/wp-content\/uploads\/2019\/09\/V3.png\",\"width\":160,\"height\":90,\"caption\":\"Vincent Olivaud\"},\"image\":{\"@id\":\"https:\/\/olivaud.com\/vo\/#\/schema\/logo\/image\/\"},\"sameAs\":[\"https:\/\/www.facebook.com\/olivaud.vincent\",\"https:\/\/www.instagram.com\/volivaud\/\"]}]}<\/script>\n<!-- \/ Yoast SEO plugin. -->","yoast_head_json":{"title":"References | VO - Version Originale","description":"Vincent Olivaud - Production de contenu m\u00e9dia : photos et vid\u00e9os - Photographe Course au large et Nautisme","robots":{"index":"index","follow":"follow","max-snippet":"max-snippet:-1","max-image-preview":"max-image-preview:large","max-video-preview":"max-video-preview:-1"},"canonical":"https:\/\/olivaud.com\/vo\/references\/","og_locale":"fr_FR","og_type":"article","og_title":"References | VO - Version Originale","og_description":"Vincent Olivaud - Production de contenu m\u00e9dia : photos et vid\u00e9os - Photographe Course au large et Nautisme","og_url":"https:\/\/olivaud.com\/vo\/references\/","og_site_name":"VO - Version Originale","article_publisher":"https:\/\/www.facebook.com\/olivaud.vincent","article_modified_time":"2025-04-23T14:03:43+00:00","og_image":[{"url":"https:\/\/olivaud.com\/vo\/wp-content\/uploads\/2025\/04\/references2025-1807x2048.png","type":"","width":"","height":""}],"twitter_card":"summary_large_image","twitter_misc":{"Dur\u00e9e de lecture estim\u00e9e":"1 minute"},"schema":{"@context":"https:\/\/schema.org","@graph":[{"@type":"WebPage","@id":"https:\/\/olivaud.com\/vo\/references\/","url":"https:\/\/olivaud.com\/vo\/references\/","name":"References | VO - Version Originale","isPartOf":{"@id":"https:\/\/olivaud.com\/vo\/#website"},"primaryImageOfPage":{"@id":"https:\/\/olivaud.com\/vo\/references\/#primaryimage"},"image":{"@id":"https:\/\/olivaud.com\/vo\/references\/#primaryimage"},"thumbnailUrl":"https:\/\/olivaud.com\/vo\/wp-content\/uploads\/2025\/04\/references2025-1807x2048.png","datePublished":"2019-10-03T14:48:16+00:00","dateModified":"2025-04-23T14:03:43+00:00","description":"Vincent Olivaud - Production de contenu m\u00e9dia : photos et vid\u00e9os - Photographe Course au large et Nautisme","breadcrumb":{"@id":"https:\/\/olivaud.com\/vo\/references\/#breadcrumb"},"inLanguage":"fr-FR","potentialAction":[{"@type":"ReadAction","target":["https:\/\/olivaud.com\/vo\/references\/"]}]},{"@type":"ImageObject","inLanguage":"fr-FR","@id":"https:\/\/olivaud.com\/vo\/references\/#primaryimage","url":"https:\/\/olivaud.com\/vo\/wp-content\/uploads\/2025\/04\/references2025.png","contentUrl":"https:\/\/olivaud.com\/vo\/wp-content\/uploads\/2025\/04\/references2025.png","width":2048,"height":2321},{"@type":"BreadcrumbList","@id":"https:\/\/olivaud.com\/vo\/references\/#breadcrumb","itemListElement":[{"@type":"ListItem","position":1,"name":"Home","item":"https:\/\/olivaud.com\/vo\/"},{"@type":"ListItem","position":2,"name":"References"}]},{"@type":"WebSite","@id":"https:\/\/olivaud.com\/vo\/#website","url":"https:\/\/olivaud.com\/vo\/","name":"VO - Version Originale","description":"Photographe - Course au large","publisher":{"@id":"https:\/\/olivaud.com\/vo\/#organization"},"alternateName":"Vincent Olivaud","potentialAction":[{"@type":"SearchAction","target":{"@type":"EntryPoint","urlTemplate":"https:\/\/olivaud.com\/vo\/?s={search_term_string}"},"query-input":{"@type":"PropertyValueSpecification","valueRequired":true,"valueName":"search_term_string"}}],"inLanguage":"fr-FR"},{"@type":"Organization","@id":"https:\/\/olivaud.com\/vo\/#organization","name":"Vincent Olivaud","alternateName":"Version Originale","url":"https:\/\/olivaud.com\/vo\/","logo":{"@type":"ImageObject","inLanguage":"fr-FR","@id":"https:\/\/olivaud.com\/vo\/#\/schema\/logo\/image\/","url":"https:\/\/olivaud.com\/vo\/wp-content\/uploads\/2019\/09\/V3.png","contentUrl":"https:\/\/olivaud.com\/vo\/wp-content\/uploads\/2019\/09\/V3.png","width":160,"height":90,"caption":"Vincent Olivaud"},"image":{"@id":"https:\/\/olivaud.com\/vo\/#\/schema\/logo\/image\/"},"sameAs":["https:\/\/www.facebook.com\/olivaud.vincent","https:\/\/www.instagram.com\/volivaud\/"]}]}},"_links":{"self":[{"href":"https:\/\/olivaud.com\/vo\/wp-json\/wp\/v2\/pages\/611","targetHints":{"allow":["GET"]}}],"collection":[{"href":"https:\/\/olivaud.com\/vo\/wp-json\/wp\/v2\/pages"}],"about":[{"href":"https:\/\/olivaud.com\/vo\/wp-json\/wp\/v2\/types\/page"}],"author":[{"embeddable":true,"href":"https:\/\/olivaud.com\/vo\/wp-json\/wp\/v2\/users\/1"}],"replies":[{"embeddable":true,"href":"https:\/\/olivaud.com\/vo\/wp-json\/wp\/v2\/comments?post=611"}],"version-history":[{"count":23,"href":"https:\/\/olivaud.com\/vo\/wp-json\/wp\/v2\/pages\/611\/revisions"}],"predecessor-version":[{"id":1124,"href":"https:\/\/olivaud.com\/vo\/wp-json\/wp\/v2\/pages\/611\/revisions\/1124"}],"wp:attachment":[{"href":"https:\/\/olivaud.com\/vo\/wp-json\/wp\/v2\/media?parent=611"}],"curies":[{"name":"wp","href":"https:\/\/api.w.org\/{rel}","templated":true}]}}