{"id":119,"date":"2019-04-25T09:02:54","date_gmt":"2019-04-25T07:02:54","guid":{"rendered":"http:\/\/olivaud.com\/vo\/about-us\/"},"modified":"2026-02-15T16:55:54","modified_gmt":"2026-02-15T15:55:54","slug":"services","status":"publish","type":"page","link":"https:\/\/olivaud.com\/vo\/services\/","title":{"rendered":"Services"},"content":{"rendered":"\t\t<div data-elementor-type=\"wp-post\" data-elementor-id=\"119\" class=\"elementor elementor-119\">\n\t\t\t\t\t\t<section class=\"elementor-section elementor-top-section elementor-element elementor-element-a43ad93 elementor-section-content-middle elementor-section-boxed elementor-section-height-default elementor-section-height-default\" data-id=\"a43ad93\" data-element_type=\"section\" data-e-type=\"section\">\n\t\t\t\t\t\t<div class=\"elementor-container elementor-column-gap-default\">\n\t\t\t\t\t<div class=\"aux-parallax-section elementor-column elementor-col-50 elementor-top-column elementor-element elementor-element-faabe46\" data-id=\"faabe46\" data-element_type=\"column\" data-e-type=\"column\" data-settings=\"{&quot;background_background&quot;:&quot;classic&quot;}\">\n\t\t\t<div class=\"elementor-widget-wrap elementor-element-populated\">\n\t\t\t\t\t\t<div class=\"elementor-element elementor-element-9e95c5f elementor-widget__width-inherit elementor-widget elementor-widget-image\" data-id=\"9e95c5f\" data-element_type=\"widget\" data-e-type=\"widget\" data-widget_type=\"image.default\">\n\t\t\t\t<div class=\"elementor-widget-container\">\n\t\t\t\t\t\t\t\t\t\t\t\t\t\t\t<img fetchpriority=\"high\" decoding=\"async\" width=\"2000\" height=\"437\" src=\"https:\/\/olivaud.com\/vo\/wp-content\/uploads\/2025\/04\/bandeau-perso.jpg\" class=\"attachment-2048x2048 size-2048x2048 wp-image-1126\" alt=\"\" srcset=\"https:\/\/olivaud.com\/vo\/wp-content\/uploads\/2025\/04\/bandeau-perso.jpg 2000w, https:\/\/olivaud.com\/vo\/wp-content\/uploads\/2025\/04\/bandeau-perso-768x168.jpg 768w, https:\/\/olivaud.com\/vo\/wp-content\/uploads\/2025\/04\/bandeau-perso-1536x336.jpg 1536w\" sizes=\"(max-width: 2000px) 100vw, 2000px\" \/>\t\t\t\t\t\t\t\t\t\t\t\t\t\t\t<\/div>\n\t\t\t\t<\/div>\n\t\t\t\t<div class=\"elementor-element elementor-element-43e1a21 elementor-widget__width-initial elementor-widget elementor-widget-aux_modern_heading\" data-id=\"43e1a21\" data-element_type=\"widget\" data-e-type=\"widget\" data-widget_type=\"aux_modern_heading.default\">\n\t\t\t\t<div class=\"elementor-widget-container\">\n\t\t\t\t\t<section class=\"aux-widget-modern-heading\">\n            <div class=\"aux-widget-inner\"><h2 class=\"aux-modern-heading-primary\">Photographie &amp; Reportage de Course au Large<\/h2><h3 class=\"aux-modern-heading-secondary\"><span class=\"aux-head-before\">Quinze ans d\u2019immersion au c\u0153ur du monde maritime.<\/span><\/h3><div class=\"aux-modern-heading-divider\"><\/div><div class=\"aux-modern-heading-description\"><p>Depuis plus de 15 ans, je mets mon regard de photographe au service de la course au large et du nautisme. Mon m\u00e9tier est de capturer l'intensit\u00e9 de la comp\u00e9tition, l'exigence technique et l'aventure humaine, pour les transformer en r\u00e9cits visuels forts et strat\u00e9giques.<\/p><\/div><\/div>\n        <\/section>\t\t\t\t<\/div>\n\t\t\t\t<\/div>\n\t\t\t\t\t<\/div>\n\t\t<\/div>\n\t\t\t\t<div class=\"aux-parallax-section elementor-column elementor-col-50 elementor-top-column elementor-element elementor-element-236d43f\" data-id=\"236d43f\" data-element_type=\"column\" data-e-type=\"column\">\n\t\t\t<div class=\"elementor-widget-wrap\">\n\t\t\t\t\t\t\t<\/div>\n\t\t<\/div>\n\t\t\t\t\t<\/div>\n\t\t<\/section>\n\t\t\t\t<section class=\"elementor-section elementor-top-section elementor-element elementor-element-7382013 elementor-section-boxed elementor-section-height-default elementor-section-height-default\" data-id=\"7382013\" data-element_type=\"section\" data-e-type=\"section\">\n\t\t\t\t\t\t<div class=\"elementor-container elementor-column-gap-default\">\n\t\t\t\t\t<div class=\"aux-parallax-section elementor-column elementor-col-33 elementor-top-column elementor-element elementor-element-d9c5177\" data-id=\"d9c5177\" data-element_type=\"column\" data-e-type=\"column\">\n\t\t\t<div class=\"elementor-widget-wrap elementor-element-populated\">\n\t\t\t\t\t\t<div class=\"elementor-element elementor-element-3f1a4f2 elementor-widget__width-initial elementor-widget elementor-widget-aux_modern_heading\" data-id=\"3f1a4f2\" data-element_type=\"widget\" data-e-type=\"widget\" data-widget_type=\"aux_modern_heading.default\">\n\t\t\t\t<div class=\"elementor-widget-container\">\n\t\t\t\t\t<section class=\"aux-widget-modern-heading\">\n            <div class=\"aux-widget-inner\"><h2 class=\"aux-modern-heading-primary\"><\/h2><h3 class=\"aux-modern-heading-secondary\"><span class=\"aux-head-before\">Une expertise au service de vos enjeux<\/span><\/h3><div class=\"aux-modern-heading-divider\"><\/div><div class=\"aux-modern-heading-description\"><ul><li><b>Organisations de courses :<\/b> Couvrir l\u2019\u00e9v\u00e9nement dans sa globalit\u00e9, de l'effervescence des villages aux d\u00e9parts spectaculaires. Mon travail est pens\u00e9 pour une diffusion imm\u00e9diate vers les <b>m\u00e9dias et la presse sp\u00e9cialis\u00e9e<\/b>, garantissant une visibilit\u00e9 maximale \u00e0 l'\u00e9v\u00e9nement et \u00e0 ses partenaires.<\/li><li><b>Teams &amp; Skippers :<\/b> Documenter chaque \u00e9tape du projet sportif. Des entra\u00eenements au large \u00e0 la vie \u00e0 bord, je cr\u00e9e des banques d'images sur mesure pour valoriser l'engagement des skippers et r\u00e9pondre aux besoins de communication des sponsors.<\/li><li><b>Chantiers &amp; Corporate :<\/b> Mettre en lumi\u00e8re le savoir-faire naval. Je r\u00e9alise des reportages au c\u0153ur des chantiers pour sublimer l'ing\u00e9nierie, la construction et les moments cl\u00e9s que sont les mises \u00e0 l'eau.<\/li><\/ul><\/div><\/div>\n        <\/section>\t\t\t\t<\/div>\n\t\t\t\t<\/div>\n\t\t\t\t\t<\/div>\n\t\t<\/div>\n\t\t\t\t<div class=\"aux-parallax-section elementor-column elementor-col-33 elementor-top-column elementor-element elementor-element-ad17707\" data-id=\"ad17707\" data-element_type=\"column\" data-e-type=\"column\">\n\t\t\t<div class=\"elementor-widget-wrap elementor-element-populated\">\n\t\t\t\t\t\t<div class=\"elementor-element elementor-element-600dcd0 elementor-widget__width-initial elementor-widget elementor-widget-aux_modern_heading\" data-id=\"600dcd0\" data-element_type=\"widget\" data-e-type=\"widget\" data-widget_type=\"aux_modern_heading.default\">\n\t\t\t\t<div class=\"elementor-widget-container\">\n\t\t\t\t\t<section class=\"aux-widget-modern-heading\">\n            <div class=\"aux-widget-inner\"><h2 class=\"aux-modern-heading-primary\"><\/h2><h3 class=\"aux-modern-heading-secondary\"><span class=\"aux-head-before\">Une vision globale : Mer et Air<\/span><\/h3><div class=\"aux-modern-heading-divider\"><\/div><div class=\"aux-modern-heading-description\"><p>Pour offrir des perspectives \u00e0 la hauteur des enjeux de la course au large, je d\u00e9cline mon approche sur tous les terrains :<\/p><ul><li><b>Photographie a\u00e9rienne :<\/b> Une ma\u00eetrise confirm\u00e9e des prises de vues en <b>h\u00e9licopt\u00e8re<\/b> et en <b>drone<\/b>, pour saisir l'ampleur des d\u00e9parts et la puissance des car\u00e8nes en action.<\/li><li><b>Contenus vid\u00e9o :<\/b> En compl\u00e9ment de la photographie, je r\u00e9alise des formats vid\u00e9o courts et dynamiques pour enrichir vos prises de parole sur les r\u00e9seaux sociaux.<\/li><\/ul><p>Bas\u00e9 aux Sables-d'Olonne, j'interviens sur tous les littoraux avec la r\u00e9activit\u00e9 et la connaissance du milieu que seul le terrain permet d'acqu\u00e9rir.<\/p><\/div><\/div>\n        <\/section>\t\t\t\t<\/div>\n\t\t\t\t<\/div>\n\t\t\t\t\t<\/div>\n\t\t<\/div>\n\t\t\t\t<div class=\"aux-parallax-section elementor-column elementor-col-33 elementor-top-column elementor-element elementor-element-20ed5ae\" data-id=\"20ed5ae\" data-element_type=\"column\" data-e-type=\"column\">\n\t\t\t<div class=\"elementor-widget-wrap\">\n\t\t\t\t\t\t\t<\/div>\n\t\t<\/div>\n\t\t\t\t\t<\/div>\n\t\t<\/section>\n\t\t\t\t<section class=\"elementor-section elementor-top-section elementor-element elementor-element-bdad520 elementor-section-boxed elementor-section-height-default elementor-section-height-default\" data-id=\"bdad520\" data-element_type=\"section\" data-e-type=\"section\">\n\t\t\t\t\t\t<div class=\"elementor-container elementor-column-gap-default\">\n\t\t\t\t\t<div class=\"aux-parallax-section elementor-column elementor-col-33 elementor-top-column elementor-element elementor-element-e420f5a\" data-id=\"e420f5a\" data-element_type=\"column\" data-e-type=\"column\" data-settings=\"{&quot;background_background&quot;:&quot;classic&quot;}\">\n\t\t\t<div class=\"elementor-widget-wrap elementor-element-populated\">\n\t\t\t\t\t\t<div class=\"elementor-element elementor-element-c78102d elementor-widget elementor-widget-video\" data-id=\"c78102d\" data-element_type=\"widget\" data-e-type=\"widget\" data-settings=\"{&quot;youtube_url&quot;:&quot;https:\\\/\\\/youtu.be\\\/-bdXLxVjEyQ&quot;,&quot;autoplay&quot;:&quot;yes&quot;,&quot;play_on_mobile&quot;:&quot;yes&quot;,&quot;video_type&quot;:&quot;youtube&quot;,&quot;controls&quot;:&quot;yes&quot;}\" data-widget_type=\"video.default\">\n\t\t\t\t<div class=\"elementor-widget-container\">\n\t\t\t\t\t\t\t<div class=\"elementor-wrapper elementor-open-inline\">\n\t\t\t<div class=\"elementor-video\"><\/div>\t\t<\/div>\n\t\t\t\t\t\t<\/div>\n\t\t\t\t<\/div>\n\t\t\t\t\t<\/div>\n\t\t<\/div>\n\t\t\t\t<div class=\"aux-parallax-section elementor-column elementor-col-33 elementor-top-column elementor-element elementor-element-4bbbf9a\" data-id=\"4bbbf9a\" data-element_type=\"column\" data-e-type=\"column\" data-settings=\"{&quot;background_background&quot;:&quot;classic&quot;}\">\n\t\t\t<div class=\"elementor-widget-wrap elementor-element-populated\">\n\t\t\t\t\t\t<div class=\"elementor-element elementor-element-d34d058 aux-appear-watch-animation aux-fade-in-up elementor-widget elementor-widget-aux_modern_heading\" data-id=\"d34d058\" data-element_type=\"widget\" data-e-type=\"widget\" data-widget_type=\"aux_modern_heading.default\">\n\t\t\t\t<div class=\"elementor-widget-container\">\n\t\t\t\t\t<section class=\"aux-widget-modern-heading\">\n            <div class=\"aux-widget-inner\"><h2 class=\"aux-modern-heading-primary\"><\/h2><div class=\"aux-modern-heading-description\"><p>PHOTOGRAPHE OFFICIEL :<\/p><p>Arkea Ultim Challenge Brest - Mini Transat - Transat CIC - \u0141a Route du Rhum Destination Guadeloupe - Transat Paprec - Ocean Fifty Series - La Solitaire du Figaro Paprec - Pro Sailing Tour - Les Sables Horta Class40 - La 1000 Milles - Puru Transgascogne - Solo Maitre Coq - Les Sables Les Acores Les Sables<\/p><p>CLIENTS :<\/p><p>Boll\u00e9 Eyewear \u2013 Sea.AI \u2013 Slam \u2013 RM Yacht \u2013 Jonas Gerkens Sailing \u2013 Mini Transat \u2013 Route du Rhum \/ Destination Guadeloupe \u2013 Les Sables Horta Class40 \u2013 Koesio \u2013 Walt \u2013 Groupe SNEF \u2013 Arkema \u2013 Ocean Fifty \u2013 Captain\u2019Alternance \u2013 La Mie C\u00e2line \u2013 Vend\u00e9e Globe \u2013 1000 Milles \u2013 ProMarine \u2013 Artip\u00f4le \u2013 April Marine \u2013 Solo Maitre Coq -Sojasun \u2013 ELP \u2013 Rians \u2013 Macif grand Ouest \u2013 Helly Hansen \u2013 SafeRail \u2013 K\u2022Line \u2013 Multi50 \u2013 R Sports \u2013 Team Bureau Vall\u00e9e \u2013 SMIDDEST \u2013 Nouvelle Aquitaine \u2013 Legallais \u2013 Arkea Ultim Challenge Brest<\/p><\/div><\/div>\n        <\/section>\t\t\t\t<\/div>\n\t\t\t\t<\/div>\n\t\t\t\t\t<\/div>\n\t\t<\/div>\n\t\t\t\t<div class=\"aux-parallax-section elementor-column elementor-col-33 elementor-top-column elementor-element elementor-element-92c54d9\" data-id=\"92c54d9\" data-element_type=\"column\" data-e-type=\"column\">\n\t\t\t<div class=\"elementor-widget-wrap\">\n\t\t\t\t\t\t\t<\/div>\n\t\t<\/div>\n\t\t\t\t\t<\/div>\n\t\t<\/section>\n\t\t\t\t<section class=\"elementor-section elementor-top-section elementor-element elementor-element-65618e1 elementor-section-boxed elementor-section-height-default elementor-section-height-default\" data-id=\"65618e1\" data-element_type=\"section\" data-e-type=\"section\">\n\t\t\t\t\t\t<div class=\"elementor-container elementor-column-gap-default\">\n\t\t\t\t\t<div class=\"aux-parallax-section elementor-column elementor-col-33 elementor-top-column elementor-element elementor-element-5abd342\" data-id=\"5abd342\" data-element_type=\"column\" data-e-type=\"column\">\n\t\t\t<div class=\"elementor-widget-wrap elementor-element-populated\">\n\t\t\t\t\t\t<div class=\"elementor-element elementor-element-5888512 elementor-widget elementor-widget-image\" data-id=\"5888512\" data-element_type=\"widget\" data-e-type=\"widget\" data-widget_type=\"image.default\">\n\t\t\t\t<div class=\"elementor-widget-container\">\n\t\t\t\t\t\t\t\t\t\t\t\t\t\t\t<img decoding=\"async\" width=\"2500\" height=\"1667\" src=\"https:\/\/olivaud.com\/vo\/wp-content\/uploads\/2019\/09\/SELEC-1-7.jpg\" class=\"attachment-large size-large wp-image-536\" alt=\"\" srcset=\"https:\/\/olivaud.com\/vo\/wp-content\/uploads\/2019\/09\/SELEC-1-7.jpg 2500w, https:\/\/olivaud.com\/vo\/wp-content\/uploads\/2019\/09\/SELEC-1-7-768x512.jpg 768w, https:\/\/olivaud.com\/vo\/wp-content\/uploads\/2019\/09\/SELEC-1-7-272x182.jpg 272w\" sizes=\"(max-width: 2500px) 100vw, 2500px\" \/>\t\t\t\t\t\t\t\t\t\t\t\t\t\t\t<\/div>\n\t\t\t\t<\/div>\n\t\t\t\t\t<\/div>\n\t\t<\/div>\n\t\t\t\t<div class=\"aux-parallax-section elementor-column elementor-col-33 elementor-top-column elementor-element elementor-element-1d404f7\" data-id=\"1d404f7\" data-element_type=\"column\" data-e-type=\"column\">\n\t\t\t<div class=\"elementor-widget-wrap elementor-element-populated\">\n\t\t\t\t\t\t<div class=\"elementor-element elementor-element-b69a01e aux-appear-watch-animation aux-fade-in-left elementor-widget elementor-widget-aux_image\" data-id=\"b69a01e\" data-element_type=\"widget\" data-e-type=\"widget\" data-widget_type=\"aux_image.default\">\n\t\t\t\t<div class=\"elementor-widget-container\">\n\t\t\t\t\t<section class=\"widget-container aux-widget-image aux-alignnone aux-parent-au7f3bd22b\">\n    <div class=\"aux-media-hint-frame \">\n        <div class=\"aux-media-image \" >\n        \n            \n\n            \n            <img decoding=\"async\" width=\"2000\" height=\"1333\" src=\"data:image\/gif;base64,R0lGODlhAQABAIAAAAAAAP\/\/\/yH5BAEAAAAALAAAAAABAAEAAAIBRAA7\" class=\"aux-attachment aux-featured-image aux-attachment-id-539 aux-preload aux-blank\" alt=\"Marseille - Juin 2018 \nIMOCA LA MIE CALINE \/ ARTIPOLE\nSkipper : Arnaud Boissi\u00e8res (FR)\" data-ratio=\"1.5\" data-original-w=\"2000\" data-src=\"https:\/\/olivaud.com\/vo\/wp-content\/uploads\/2019\/09\/VO-1-2.jpg\" \/>            \n                <\/div>\n    <\/div>\n\n<\/section><!-- widget-container -->\t\t\t\t<\/div>\n\t\t\t\t<\/div>\n\t\t\t\t\t<\/div>\n\t\t<\/div>\n\t\t\t\t<div class=\"aux-parallax-section elementor-column elementor-col-33 elementor-top-column elementor-element elementor-element-fddfa94\" data-id=\"fddfa94\" data-element_type=\"column\" data-e-type=\"column\">\n\t\t\t<div class=\"elementor-widget-wrap\">\n\t\t\t\t\t\t\t<\/div>\n\t\t<\/div>\n\t\t\t\t\t<\/div>\n\t\t<\/section>\n\t\t\t\t<\/div>\n\t\t","protected":false},"excerpt":{"rendered":"<p>Photographie &amp; Reportage de Course au Large Quinze ans d\u2019immersion au c\u0153ur du monde maritime. Depuis plus de 15 ans, je mets mon regard de photographe au service de la course au large et du nautisme. Mon m\u00e9tier est de capturer l&rsquo;intensit\u00e9 de la comp\u00e9tition, l&rsquo;exigence technique et l&rsquo;aventure humaine, pour les transformer en r\u00e9cits [&hellip;]<\/p>\n","protected":false},"author":1,"featured_media":0,"parent":0,"menu_order":0,"comment_status":"closed","ping_status":"closed","template":"","meta":{"footnotes":""},"class_list":["post-119","page","type-page","status-publish","hentry"],"yoast_head":"<!-- This site is optimized with the Yoast SEO plugin v24.9 - https:\/\/yoast.com\/wordpress\/plugins\/seo\/ -->\n<title>Services | VO - Version Originale<\/title>\n<meta name=\"description\" content=\"Vincent Olivaud - Production de contenu m\u00e9dia : photos et vid\u00e9os - Photographe Course au large et Nautisme\" \/>\n<meta name=\"robots\" content=\"index, follow, max-snippet:-1, max-image-preview:large, max-video-preview:-1\" \/>\n<link rel=\"canonical\" href=\"https:\/\/olivaud.com\/vo\/services\/\" \/>\n<meta property=\"og:locale\" content=\"fr_FR\" \/>\n<meta property=\"og:type\" content=\"article\" \/>\n<meta property=\"og:title\" content=\"Services | VO - Version Originale\" \/>\n<meta property=\"og:description\" content=\"Vincent Olivaud - Production de contenu m\u00e9dia : photos et vid\u00e9os - Photographe Course au large et Nautisme\" \/>\n<meta property=\"og:url\" content=\"https:\/\/olivaud.com\/vo\/services\/\" \/>\n<meta property=\"og:site_name\" content=\"VO - Version Originale\" \/>\n<meta property=\"article:publisher\" content=\"https:\/\/www.facebook.com\/olivaud.vincent\" \/>\n<meta property=\"article:modified_time\" content=\"2026-02-15T15:55:54+00:00\" \/>\n<meta property=\"og:image\" content=\"https:\/\/olivaud.com\/vo\/wp-content\/uploads\/2025\/04\/bandeau-perso.jpg\" \/>\n\t<meta property=\"og:image:width\" content=\"2000\" \/>\n\t<meta property=\"og:image:height\" content=\"437\" \/>\n\t<meta property=\"og:image:type\" content=\"image\/jpeg\" \/>\n<meta name=\"twitter:card\" content=\"summary_large_image\" \/>\n<meta name=\"twitter:label1\" content=\"Dur\u00e9e de lecture estim\u00e9e\" \/>\n\t<meta name=\"twitter:data1\" content=\"3 minutes\" \/>\n<script type=\"application\/ld+json\" class=\"yoast-schema-graph\">{\"@context\":\"https:\/\/schema.org\",\"@graph\":[{\"@type\":\"WebPage\",\"@id\":\"https:\/\/olivaud.com\/vo\/services\/\",\"url\":\"https:\/\/olivaud.com\/vo\/services\/\",\"name\":\"Services | VO - Version Originale\",\"isPartOf\":{\"@id\":\"https:\/\/olivaud.com\/vo\/#website\"},\"primaryImageOfPage\":{\"@id\":\"https:\/\/olivaud.com\/vo\/services\/#primaryimage\"},\"image\":{\"@id\":\"https:\/\/olivaud.com\/vo\/services\/#primaryimage\"},\"thumbnailUrl\":\"https:\/\/olivaud.com\/vo\/wp-content\/uploads\/2025\/04\/bandeau-perso.jpg\",\"datePublished\":\"2019-04-25T07:02:54+00:00\",\"dateModified\":\"2026-02-15T15:55:54+00:00\",\"description\":\"Vincent Olivaud - Production de contenu m\u00e9dia : photos et vid\u00e9os - Photographe Course au large et Nautisme\",\"breadcrumb\":{\"@id\":\"https:\/\/olivaud.com\/vo\/services\/#breadcrumb\"},\"inLanguage\":\"fr-FR\",\"potentialAction\":[{\"@type\":\"ReadAction\",\"target\":[\"https:\/\/olivaud.com\/vo\/services\/\"]}]},{\"@type\":\"ImageObject\",\"inLanguage\":\"fr-FR\",\"@id\":\"https:\/\/olivaud.com\/vo\/services\/#primaryimage\",\"url\":\"https:\/\/olivaud.com\/vo\/wp-content\/uploads\/2025\/04\/bandeau-perso.jpg\",\"contentUrl\":\"https:\/\/olivaud.com\/vo\/wp-content\/uploads\/2025\/04\/bandeau-perso.jpg\",\"width\":2000,\"height\":437},{\"@type\":\"BreadcrumbList\",\"@id\":\"https:\/\/olivaud.com\/vo\/services\/#breadcrumb\",\"itemListElement\":[{\"@type\":\"ListItem\",\"position\":1,\"name\":\"Home\",\"item\":\"https:\/\/olivaud.com\/vo\/\"},{\"@type\":\"ListItem\",\"position\":2,\"name\":\"Services\"}]},{\"@type\":\"WebSite\",\"@id\":\"https:\/\/olivaud.com\/vo\/#website\",\"url\":\"https:\/\/olivaud.com\/vo\/\",\"name\":\"VO - Version Originale\",\"description\":\"Photographe - Course au large\",\"publisher\":{\"@id\":\"https:\/\/olivaud.com\/vo\/#organization\"},\"alternateName\":\"Vincent Olivaud\",\"potentialAction\":[{\"@type\":\"SearchAction\",\"target\":{\"@type\":\"EntryPoint\",\"urlTemplate\":\"https:\/\/olivaud.com\/vo\/?s={search_term_string}\"},\"query-input\":{\"@type\":\"PropertyValueSpecification\",\"valueRequired\":true,\"valueName\":\"search_term_string\"}}],\"inLanguage\":\"fr-FR\"},{\"@type\":\"Organization\",\"@id\":\"https:\/\/olivaud.com\/vo\/#organization\",\"name\":\"Vincent Olivaud\",\"alternateName\":\"Version Originale\",\"url\":\"https:\/\/olivaud.com\/vo\/\",\"logo\":{\"@type\":\"ImageObject\",\"inLanguage\":\"fr-FR\",\"@id\":\"https:\/\/olivaud.com\/vo\/#\/schema\/logo\/image\/\",\"url\":\"https:\/\/olivaud.com\/vo\/wp-content\/uploads\/2019\/09\/V3.png\",\"contentUrl\":\"https:\/\/olivaud.com\/vo\/wp-content\/uploads\/2019\/09\/V3.png\",\"width\":160,\"height\":90,\"caption\":\"Vincent Olivaud\"},\"image\":{\"@id\":\"https:\/\/olivaud.com\/vo\/#\/schema\/logo\/image\/\"},\"sameAs\":[\"https:\/\/www.facebook.com\/olivaud.vincent\",\"https:\/\/www.instagram.com\/volivaud\/\"]}]}<\/script>\n<!-- \/ Yoast SEO plugin. -->","yoast_head_json":{"title":"Services | VO - Version Originale","description":"Vincent Olivaud - Production de contenu m\u00e9dia : photos et vid\u00e9os - Photographe Course au large et Nautisme","robots":{"index":"index","follow":"follow","max-snippet":"max-snippet:-1","max-image-preview":"max-image-preview:large","max-video-preview":"max-video-preview:-1"},"canonical":"https:\/\/olivaud.com\/vo\/services\/","og_locale":"fr_FR","og_type":"article","og_title":"Services | VO - Version Originale","og_description":"Vincent Olivaud - Production de contenu m\u00e9dia : photos et vid\u00e9os - Photographe Course au large et Nautisme","og_url":"https:\/\/olivaud.com\/vo\/services\/","og_site_name":"VO - Version Originale","article_publisher":"https:\/\/www.facebook.com\/olivaud.vincent","article_modified_time":"2026-02-15T15:55:54+00:00","og_image":[{"width":2000,"height":437,"url":"https:\/\/olivaud.com\/vo\/wp-content\/uploads\/2025\/04\/bandeau-perso.jpg","type":"image\/jpeg"}],"twitter_card":"summary_large_image","twitter_misc":{"Dur\u00e9e de lecture estim\u00e9e":"3 minutes"},"schema":{"@context":"https:\/\/schema.org","@graph":[{"@type":"WebPage","@id":"https:\/\/olivaud.com\/vo\/services\/","url":"https:\/\/olivaud.com\/vo\/services\/","name":"Services | VO - Version Originale","isPartOf":{"@id":"https:\/\/olivaud.com\/vo\/#website"},"primaryImageOfPage":{"@id":"https:\/\/olivaud.com\/vo\/services\/#primaryimage"},"image":{"@id":"https:\/\/olivaud.com\/vo\/services\/#primaryimage"},"thumbnailUrl":"https:\/\/olivaud.com\/vo\/wp-content\/uploads\/2025\/04\/bandeau-perso.jpg","datePublished":"2019-04-25T07:02:54+00:00","dateModified":"2026-02-15T15:55:54+00:00","description":"Vincent Olivaud - Production de contenu m\u00e9dia : photos et vid\u00e9os - Photographe Course au large et Nautisme","breadcrumb":{"@id":"https:\/\/olivaud.com\/vo\/services\/#breadcrumb"},"inLanguage":"fr-FR","potentialAction":[{"@type":"ReadAction","target":["https:\/\/olivaud.com\/vo\/services\/"]}]},{"@type":"ImageObject","inLanguage":"fr-FR","@id":"https:\/\/olivaud.com\/vo\/services\/#primaryimage","url":"https:\/\/olivaud.com\/vo\/wp-content\/uploads\/2025\/04\/bandeau-perso.jpg","contentUrl":"https:\/\/olivaud.com\/vo\/wp-content\/uploads\/2025\/04\/bandeau-perso.jpg","width":2000,"height":437},{"@type":"BreadcrumbList","@id":"https:\/\/olivaud.com\/vo\/services\/#breadcrumb","itemListElement":[{"@type":"ListItem","position":1,"name":"Home","item":"https:\/\/olivaud.com\/vo\/"},{"@type":"ListItem","position":2,"name":"Services"}]},{"@type":"WebSite","@id":"https:\/\/olivaud.com\/vo\/#website","url":"https:\/\/olivaud.com\/vo\/","name":"VO - Version Originale","description":"Photographe - Course au large","publisher":{"@id":"https:\/\/olivaud.com\/vo\/#organization"},"alternateName":"Vincent Olivaud","potentialAction":[{"@type":"SearchAction","target":{"@type":"EntryPoint","urlTemplate":"https:\/\/olivaud.com\/vo\/?s={search_term_string}"},"query-input":{"@type":"PropertyValueSpecification","valueRequired":true,"valueName":"search_term_string"}}],"inLanguage":"fr-FR"},{"@type":"Organization","@id":"https:\/\/olivaud.com\/vo\/#organization","name":"Vincent Olivaud","alternateName":"Version Originale","url":"https:\/\/olivaud.com\/vo\/","logo":{"@type":"ImageObject","inLanguage":"fr-FR","@id":"https:\/\/olivaud.com\/vo\/#\/schema\/logo\/image\/","url":"https:\/\/olivaud.com\/vo\/wp-content\/uploads\/2019\/09\/V3.png","contentUrl":"https:\/\/olivaud.com\/vo\/wp-content\/uploads\/2019\/09\/V3.png","width":160,"height":90,"caption":"Vincent Olivaud"},"image":{"@id":"https:\/\/olivaud.com\/vo\/#\/schema\/logo\/image\/"},"sameAs":["https:\/\/www.facebook.com\/olivaud.vincent","https:\/\/www.instagram.com\/volivaud\/"]}]}},"_links":{"self":[{"href":"https:\/\/olivaud.com\/vo\/wp-json\/wp\/v2\/pages\/119","targetHints":{"allow":["GET"]}}],"collection":[{"href":"https:\/\/olivaud.com\/vo\/wp-json\/wp\/v2\/pages"}],"about":[{"href":"https:\/\/olivaud.com\/vo\/wp-json\/wp\/v2\/types\/page"}],"author":[{"embeddable":true,"href":"https:\/\/olivaud.com\/vo\/wp-json\/wp\/v2\/users\/1"}],"replies":[{"embeddable":true,"href":"https:\/\/olivaud.com\/vo\/wp-json\/wp\/v2\/comments?post=119"}],"version-history":[{"count":46,"href":"https:\/\/olivaud.com\/vo\/wp-json\/wp\/v2\/pages\/119\/revisions"}],"predecessor-version":[{"id":1219,"href":"https:\/\/olivaud.com\/vo\/wp-json\/wp\/v2\/pages\/119\/revisions\/1219"}],"wp:attachment":[{"href":"https:\/\/olivaud.com\/vo\/wp-json\/wp\/v2\/media?parent=119"}],"curies":[{"name":"wp","href":"https:\/\/api.w.org\/{rel}","templated":true}]}}